{"id":174,"date":"2025-07-25T06:05:05","date_gmt":"2025-07-25T06:05:05","guid":{"rendered":"https:\/\/car-hue.cl\/?page_id=174"},"modified":"2025-07-25T06:05:05","modified_gmt":"2025-07-25T06:05:05","slug":"requisitos","status":"publish","type":"page","link":"https:\/\/car-hue.cl\/index.php\/requisitos\/","title":{"rendered":"Requisitos"},"content":{"rendered":"\n<p>En Car-Hue Rent a Car, queremos que tu experiencia sea r\u00e1pida y sin complicaciones. Para poder arrendar uno de nuestros veh\u00edculos, solo necesitas cumplir con los siguientes requisitos:<\/p>\n\n\n\n<p>\u2705 Licencia de conducir vigente<br>\u2705 C\u00e9dula de identidad o DNI<br>\u2705 Tarjeta de cr\u00e9dito v\u00e1lida (para garant\u00eda)<br>\u2705 Edad m\u00ednima: 22 a\u00f1os<\/p>\n\n\n\n<p>Si tienes alguna duda o necesitas m\u00e1s informaci\u00f3n, no dudes en contactarnos. \u00a1Nuestro equipo est\u00e1 listo para ayudarte!<\/p>\n","protected":false},"excerpt":{"rendered":"<p>En Car-Hue Rent a Car, queremos que tu experiencia sea r\u00e1pida y sin complicaciones. Para poder arrendar uno de nuestros veh\u00edculos, solo necesitas cumplir con los siguientes requisitos: \u2705 Licencia de conducir vigente\u2705 C\u00e9dula de identidad o DNI\u2705 Tarjeta de cr\u00e9dito v\u00e1lida (para garant\u00eda)\u2705 Edad m\u00ednima: 22 a\u00f1os Si tienes alguna duda o necesitas m\u00e1s [&hellip;]<\/p>\n","protected":false},"author":1,"featured_media":0,"parent":0,"menu_order":0,"comment_status":"closed","ping_status":"closed","template":"","meta":{"footnotes":""},"class_list":["post-174","page","type-page","status-publish","hentry"],"_links":{"self":[{"href":"https:\/\/car-hue.cl\/index.php\/wp-json\/wp\/v2\/pages\/174","targetHints":{"allow":["GET"]}}],"collection":[{"href":"https:\/\/car-hue.cl\/index.php\/wp-json\/wp\/v2\/pages"}],"about":[{"href":"https:\/\/car-hue.cl\/index.php\/wp-json\/wp\/v2\/types\/page"}],"author":[{"embeddable":true,"href":"https:\/\/car-hue.cl\/index.php\/wp-json\/wp\/v2\/users\/1"}],"replies":[{"embeddable":true,"href":"https:\/\/car-hue.cl\/index.php\/wp-json\/wp\/v2\/comments?post=174"}],"version-history":[{"count":1,"href":"https:\/\/car-hue.cl\/index.php\/wp-json\/wp\/v2\/pages\/174\/revisions"}],"predecessor-version":[{"id":175,"href":"https:\/\/car-hue.cl\/index.php\/wp-json\/wp\/v2\/pages\/174\/revisions\/175"}],"wp:attachment":[{"href":"https:\/\/car-hue.cl\/index.php\/wp-json\/wp\/v2\/media?parent=174"}],"curies":[{"name":"wp","href":"https:\/\/api.w.org\/{rel}","templated":true}]}}