{"id":183,"date":"2025-07-25T06:07:20","date_gmt":"2025-07-25T06:07:20","guid":{"rendered":"https:\/\/car-hue.cl\/?page_id=183"},"modified":"2025-07-25T17:24:36","modified_gmt":"2025-07-25T17:24:36","slug":"condiciones","status":"publish","type":"page","link":"https:\/\/car-hue.cl\/index.php\/condiciones\/","title":{"rendered":"Condiciones"},"content":{"rendered":"\n<p><strong>CONTRATO DE ARRIENDO<\/strong><\/p>\n\n\n\n<p><strong>PRIMERO:<\/strong> Car-Hue Rent a Car da en arriendo al arrendatario que suscribe individualizado a la vuelta de este contrato, qui\u00e9n acepta el autom\u00f3vil singularizado tambi\u00e9n a la vuelta. El arrendatario declara recibir en este acto el autom\u00f3vil en buen estado mec\u00e1nico y de carrocer\u00eda con el equipo y accesorios. Dejan constancia las partes que el arrendatario ha verificado el estado del veh\u00edculo y asimismo el correcto funcionamiento de sus frenos, direcci\u00f3n, luces de se\u00f1alizaci\u00f3n y virajes y detenci\u00f3n, de todos los mecanismos de seguridad y declara estar conforme con ellos y hallarse en perfectas condiciones de funcionamiento.<\/p>\n\n\n\n<p><strong>SEGUNDO: <\/strong>El arrendamiento durar\u00e1 hasta el d\u00eda y hora se\u00f1alados en este contrato. Vencido el plazo, queda prohibido al arrendatario hacer uso del veh\u00edculo. Si el arrendatario deseare obtener una prolongaci\u00f3n de este plazo de arrendamiento, deber\u00e1 solicitar una autorizaci\u00f3n escrita del arrendador y mientras esta no sea obtenida, regir\u00e1 la prohibici\u00f3n a que se alude anteriormente en esta cl\u00e1usula. Vencido el plazo de este contrato o su prolongaci\u00f3n autorizada el arrendatario deber\u00e1 hacer entrega del autom\u00f3vil arrendado en el local del arrendador, en el mismo estado y condiciones de funcionamiento en que lo ha recibido y con todos sus equipos y accesorios.<\/p>\n\n\n\n<p><strong>TERCERO:<\/strong> El precio del arrendamiento se determinar\u00e1 una vez que el arrendador haya devuelto el autom\u00f3vil al arrendador y ser\u00e1 calculado considerando a) Tarifa del periodo, b) kil\u00f3metros recorridos, c) Tarifa de seguro y d) Impuestos correspondiente a este contrato, los que ser\u00e1n de cargo del arrendatario. En este contrato se consignan explicaciones sobre estas tarifas y gastos. Previamente el arrendatario deposita la suma que se indica, la que se imputar\u00e1 en definitiva, a la renta total del arrendamiento y cualesquiera otras prestaciones a que se vea obligado el arrendatario, a consecuencia de este contrato.<\/p>\n\n\n\n<p><strong>CUARTO:<\/strong> La tarifa del periodo a que alude la cl\u00e1usula anterior se calcular\u00e1 como sigue: a) en la tarifa de horas, cada fracci\u00f3n de horas se computa por una hora completa, b) en la tarifa por d\u00eda, se entiende por 24 horas, computadas desde la hora de celebraci\u00f3n del contrato y cualquiera sea el momento que empiece el c\u00f3mputo, c) en la tarifa de dias, las fracciones se calculan seg\u00fan la tarifa de horas en la forma indicada en la letra a), d) la tarifa de semana es igual al monto de la tarifa de seis d\u00edas, e) la tarifa mensual es igual al monto de tarifas dianas. Lo anterior es sin perjuicio de sumar a la Vale de periodo, la tarifa de kilometraje recorrido, seguro e impuestos como se previene en la cl\u00e1usula anterior. Para tener derecho a las tarifas especiales de semanas o m\u00e1s el arrendatario debe depositar previamente una cantidad correspondiente a la renta total con un kilometraje calculado sobre el recorrido de de &nbsp;km. diarios.<\/p>\n\n\n\n<p><strong>QUINTO:<\/strong> Si el arrendatario se retrasare en la devoluci\u00f3n del autom\u00f3vil en relaci\u00f3n con el plazo fijo sin contar con la autorizaci\u00f3n escrita del arrendador, prevista en la cl\u00e1usula Segunda, a\u00fan cuando ello se debiere a caso fortuito o fuerza mayor, deber\u00e1 pagar el tiempo en exceso transcurrido hasta la devoluci\u00f3n del autom\u00f3vil arrendado por incumplimiento de contrato, o abuso de confianza u otros motivos.<\/p>\n\n\n\n<p><strong>SEXTO:<\/strong> El veh\u00edculo arrendado se destinar\u00e1 s\u00f3lo a transporte del arrendatario y acompa\u00f1ante y deber\u00e1 ser manejado \u00fanicamente por aquel, el cual no podr\u00e1 subarrendarse en caso alguno. Se deja constancia que el arrendador arrienda este para que lo maneje el arrendatario solamente sobre la base que los datos verdaderos proporcionados acerca de su identidad, edad, domicilio, aptitud f\u00edsica y ps\u00edquica para conducir y posesi\u00f3n de licencia legal para conducir autom\u00f3viles. En caso de falsedad de estos, el arrendatario ser\u00e1 el \u00fanico responsable legal de que lo que pueda sobrevenir.<\/p>\n\n\n\n<p><strong>S\u00c9PTIMO: <\/strong>Respecto al autom\u00f3vil arrendado, se proh\u00edbe al arrendatario: a) permitir que sea manejado por cualquier persona, ni aun en forma ocasional, b) destinarlo a un uso distinto al estipulado o al transporte remunerado o al uso como autom\u00f3vil de servicio p\u00fablico, c) utilizarlo como transporte de carga o bultos pesados, para remolcar o empujar a otros veh\u00edculos, para arrastrar trailers o en labores peligrosas o il\u00edcitas, d) conducido bebido, bajo el efecto de las drogas, estupefacientes o sin portar documentos, licencias exigidas por la autoridad, e) llevado fuera del territorio nacional o fuera de radio m\u00e1ximo que se se\u00f1ala en este contrato, f) portar vencidos los documentos antes se\u00f1alados. Si es menor de 25 a\u00f1os de edad en caso de que el seguro no cubra los da\u00f1os causados al veh\u00edculo por cualquiera de las prohibiciones se\u00f1aladas o por cualquier motivo, el arrendatario se compromete a cancelar el total de los da\u00f1os causados a este. Si por cualquier motivo el arrendatario queda impedido de manejar el veh\u00edculo arrendado, deber\u00e1 dar aviso al arrendador para que \u00e9ste con cargo al arrendador env\u00ede a la persona que ha de conducir hasta el local donde se ha obligado a devolverlo.<\/p>\n\n\n\n<p><strong>OCTAVO: <\/strong>El arrendatario se obliga a respetar rigurosamente las leyes y los reglamentos del tr\u00e1nsito e instrucciones de la autoridad o sus agentes en el uso del autom\u00f3vil arrendado, ser\u00e1n de su cargo las multas y dem\u00e1s sandeces que deriven de los cuasidelitos, infracciones o contravenciones que cometa. Se entiende que han sido cometidas por el arrendatario todas las transgresiones que se produzcan durante el plazo de arrendamiento, en vista de la prohibici\u00f3n contenida en la letra a) de la cl\u00e1usula anterior.<\/p>\n\n\n\n<p><strong>NOVENO:<\/strong> Ser\u00e1n de cargo del arrendatario, a) los da\u00f1os causados al autom\u00f3vil o a sus accesorios por \u00e9l mismo o un tercero entre estos da\u00f1os que se causen a terceros en sus personas, bienes sean morales o materiales, en el mismo caso, b) los da\u00f1os que se causen a terceros en sus personas, veh\u00edculos o bienes, sean morales o materiales, por el uso del autom\u00f3vil. En caso de cualquier accidente o cualquiera de los da\u00f1os se\u00f1alados en las letras precedentes el arrendatario deber\u00e1 dar aviso inmediato por escrito al arrendador y a las autoridades, si procediera. El arrendatario, en \u00e9ste \u00faltimo caso deber\u00e1 abstenerse de hacer declaraciones que comprometan en cualquier forma al arrendador. El arrendador no responde por p\u00e9rdida o da\u00f1os que el arrendatario u otras personas sufran por haber dejado o guardado en el autom\u00f3vil arrendado especies de su propiedad sea que esto ocurra antes o despu\u00e9s de la devoluci\u00f3n del autom\u00f3vil al arrendador. El arrendatario se obliga a soportar exclusivamente el riesgo de dichos da\u00f1os o p\u00e9rdidas.<\/p>\n\n\n\n<p><strong>D\u00c9CIMO<\/strong>: El arrendatario ha depositado en poder del arrendador la suma que se indica en este contrato por concepto de franquicia del seguro al arrendador para disponer total o parcialmente y sin m\u00e1s tr\u00e1mites, de \u00e9ste dep\u00f3sito, con el fin de pagar a) el precio del arriendo, b) lo que corresponda en caso de retraso en la devoluci\u00f3n del autom\u00f3vil, c) la franquicia del seguro, esto es, para reembolsar el valor de los da\u00f1os que pueda sufrir el autom\u00f3vil arrendado, su equipo o accesorios, d) cualquier otra obligaci\u00f3n del arrendatario emanada de \u00e9ste contrato, todo lo anterior sin perjuicio del derecho a cobrar el saldo que pudiera quedar pendiente. En caso que el arrendatario cause da\u00f1os a ocupante de veh\u00edculo de terceros o incurra en alguna infracci\u00f3n del tr\u00e1nsito, contravenci\u00f3n, o cuasidelito, el arrendador queda autorizado para retener este dep\u00f3sito mientras no haya sido excluida definitivamente toda la responsabilidad pecuniaria a su respecto. La contravenci\u00f3n de las prohibiciones contenida en la cl\u00e1usula S\u00e9ptima en este contrato har\u00e1 incurrir al arrendatario en una multa de montos igual a la mitad estipulada como multa, sin perjuicio de otras a que se refiere el ac\u00e1pite final de la cl\u00e1usula Sexta.<\/p>\n\n\n\n<p><strong>UNDECIMO:<\/strong> Si el arriendo del autom\u00f3vil se hace proporcionando chofer al arrendatario, aquel no queda liberado de las obligaciones pertinentes determinadas en el contrato.<\/p>\n\n\n\n<p><strong>DUODECIMO: <\/strong>Las partes declaran haber le\u00eddo atentamente este contrato y haberle comprendido, quedando claramente impuestos de las obligaciones que contraen.<\/p>\n\n\n\n<p><strong>DECIMO TERCERO:<\/strong> Para todos los efectos derivados en este contrato y de acciones civiles que se puedan derivar de \u00e9l o del uso del autom\u00f3vil que se da en arriendo, las partes fijan domicilio en la comuna se\u00f1alada a la vuelta y se someten a la jurisdicci\u00f3n de los tribunales competentes de \u00e9l, y renuncian para este efecto a cualquier fuero o privilegio que les asistiere.-<\/p>\n\n\n\n<p><strong>DECIMO CUARTO: <\/strong>EL Seguro incluido en el valor del arriendo, &nbsp;es un seguro b\u00e1sico que cubre Colisi\u00f3n y robo con deducible estipulado en el contrato seg\u00fan categor\u00eda, por lo cual no cubre neum\u00e1ticos, llantas ni Parabrisas al menos que sea por una colisi\u00f3n.<\/p>\n","protected":false},"excerpt":{"rendered":"<p>CONTRATO DE ARRIENDO PRIMERO: Car-Hue Rent a Car da en arriendo al arrendatario que suscribe individualizado a la vuelta de este contrato, qui\u00e9n acepta el autom\u00f3vil singularizado tambi\u00e9n a la vuelta. El arrendatario declara recibir en este acto el autom\u00f3vil en buen estado mec\u00e1nico y de carrocer\u00eda con el equipo y accesorios. Dejan constancia las [&hellip;]<\/p>\n","protected":false},"author":1,"featured_media":0,"parent":0,"menu_order":0,"comment_status":"closed","ping_status":"closed","template":"","meta":{"footnotes":""},"class_list":["post-183","page","type-page","status-publish","hentry"],"_links":{"self":[{"href":"https:\/\/car-hue.cl\/index.php\/wp-json\/wp\/v2\/pages\/183","targetHints":{"allow":["GET"]}}],"collection":[{"href":"https:\/\/car-hue.cl\/index.php\/wp-json\/wp\/v2\/pages"}],"about":[{"href":"https:\/\/car-hue.cl\/index.php\/wp-json\/wp\/v2\/types\/page"}],"author":[{"embeddable":true,"href":"https:\/\/car-hue.cl\/index.php\/wp-json\/wp\/v2\/users\/1"}],"replies":[{"embeddable":true,"href":"https:\/\/car-hue.cl\/index.php\/wp-json\/wp\/v2\/comments?post=183"}],"version-history":[{"count":2,"href":"https:\/\/car-hue.cl\/index.php\/wp-json\/wp\/v2\/pages\/183\/revisions"}],"predecessor-version":[{"id":201,"href":"https:\/\/car-hue.cl\/index.php\/wp-json\/wp\/v2\/pages\/183\/revisions\/201"}],"wp:attachment":[{"href":"https:\/\/car-hue.cl\/index.php\/wp-json\/wp\/v2\/media?parent=183"}],"curies":[{"name":"wp","href":"https:\/\/api.w.org\/{rel}","templated":true}]}}